{"id":28,"date":"2017-11-03T10:48:38","date_gmt":"2017-11-03T10:48:38","guid":{"rendered":"http:\/\/des.hhos.ru.s26.hhos.ru\/wp\/?page_id=28"},"modified":"2022-08-06T15:12:03","modified_gmt":"2022-08-06T19:12:03","slug":"leadership","status":"publish","type":"page","link":"https:\/\/pacnjdiv.myftp.org\/index.php\/leadership\/","title":{"rendered":"Leadership"},"content":{"rendered":"<p>[vc_row css=&#8221;.vc_custom_1510580968682{margin-bottom: 80px !important;padding-bottom: 0px !important;}&#8221;][vc_column][vc_column_text]<\/p>\n<h3>About Our Leaders<\/h3>\n<p>A new grass-root Polish-American organization under the name The Coalition of Polish Americans (\u201cCPA\u201d) was born on September 24, 2017, in Washington, DC. At its second organizational meeting, the\u00a0CPA\u00a0founding members adopted bylaws and elected its leaders. Representatives from ten key states of the USA took part in the meeting.The\u00a0Coalition of Polish Americans is a non-partisan, not-for-profit organization dedicated to promoting the interests of Polish Americans. The Coalition of Polish Americans monitors, expresses its views, and acts upon local, state, national and international issues of particular concern to the Polish American community.<\/p>\n<p>According to the Founding Declaration dated April 19, 2017, the\u00a0CPA respects and promotes the\u00a0Polish heritage, its Christian tradition, and upholds values of sovereignty and independence deeply cherished by the United States of America and Poland.\u00a0The founding members also underscore spiritual bonds with the Polish people beyond borders.<\/p>\n<p>The 3rd Annual Election Meeting of the CPA in October, 2021, again changed the composition of our leadership.\u00a0 Dr. Stanis\u0142aw \u015aliwowski from New Jersey, after serving his two terms (maximum allowed) as the President of the CPA , was\u00a0 replaced in that capacity by Leszek Pawlik (former Secretary), but remains on the Board in the position of Vice President (VP) for Youth and Educational Affairs.\u00a0 Other changes are reflected in the table below.<\/p>\n<p>The Board welcomes two newcomers:\u00a0 Halina Koralewski as VP for Cultural Affairs, and Jacek\u00a0 Marczy\u0144ski as a new Board Member.<\/p>\n<p>The Coalition of Polish Americans supports the commonwealth of Polish Americans and invites all interested to join.[\/vc_column_text][\/vc_column][\/vc_row][vc_row full_width=&#8221;stretch_row&#8221; css=&#8221;.vc_custom_1539113476367{margin-bottom: 80px !important;padding-bottom: 0px !important;}&#8221;][vc_column][vc_column_text]<\/p>\n<h3 style=\"background-color: #0a2e5e; color: #ffffff;\">Our Leadership<\/h3>\n<p>[\/vc_column_text][vc_row_inner][vc_column_inner width=&#8221;1\/2&#8243;][vc_column_text]<strong>President<\/strong>[\/vc_column_text][vc_column_text]<\/p>\n<h5><strong>Leszek Pawlik<\/strong><\/h5>\n<p><img loading=\"lazy\" decoding=\"async\" class=\"alignnone wp-image-2284 size-medium\" src=\"https:\/\/pacnjdiv.myftp.org\/wp-content\/uploads\/2018\/11\/IMG_0089-2-e1584651670630-245x300.jpg\" alt=\"\" width=\"245\" height=\"300\" \/><\/p>\n<p><span style=\"text-decoration: underline;\"><span style=\"color: #0000ff;\"><a style=\"color: #0000ff; text-decoration: underline;\" href=\"mailto:leszek.pawlik@coalitionpa.org\">leszek.pawlik@coalitionpa.org<\/a><\/span><\/span>[\/vc_column_text][\/vc_column_inner][vc_column_inner width=&#8221;1\/2&#8243;][vc_column_text]<strong>1st Vice President, Public Relations<br \/>\n<\/strong>[\/vc_column_text][vc_column_text]<\/p>\n<h5><strong>Walter (Wies\u0142aw) Go\u0142\u0119biewski<\/strong><\/h5>\n<p><img loading=\"lazy\" decoding=\"async\" class=\"alignnone wp-image-2949 size-medium\" src=\"https:\/\/pacnjdiv.myftp.org\/wp-content\/uploads\/2020\/02\/WieslawG_pict-scaled-e1584651314709-261x300.jpg\" alt=\"\" width=\"261\" height=\"300\" \/><\/p>\n<p><span style=\"text-decoration: underline;\"><span style=\"color: #0000ff;\"><a style=\"color: #0000ff; text-decoration: underline;\" href=\"mailto:walter.golebiewski@coalitionpa.org\">walter.golebiewski@coalitionpa.org<\/a><\/span><\/span>[\/vc_column_text][\/vc_column_inner][\/vc_row_inner][vc_separator][vc_row_inner][vc_column_inner width=&#8221;1\/2&#8243;][vc_column_text]<strong>Vice President, American Affairs<\/strong>[\/vc_column_text][vc_column_text]<\/p>\n<h5><strong>Andrzej Burghardt<\/strong><\/h5>\n<p><strong><img loading=\"lazy\" decoding=\"async\" class=\"alignnone size-medium wp-image-2265\" src=\"https:\/\/pacnjdiv.myftp.org\/wp-content\/uploads\/2018\/11\/ARB-14-224x300.jpg\" alt=\"\" width=\"224\" height=\"300\" srcset=\"https:\/\/pacnjdiv.myftp.org\/wp-content\/uploads\/2018\/11\/ARB-14-224x300.jpg 224w, https:\/\/pacnjdiv.myftp.org\/wp-content\/uploads\/2018\/11\/ARB-14-768x1028.jpg 768w, https:\/\/pacnjdiv.myftp.org\/wp-content\/uploads\/2018\/11\/ARB-14-765x1024.jpg 765w, https:\/\/pacnjdiv.myftp.org\/wp-content\/uploads\/2018\/11\/ARB-14.jpg 1655w\" sizes=\"(max-width: 224px) 100vw, 224px\" \/><\/strong><\/p>\n<p><span style=\"text-decoration: underline;\"><span style=\"color: #0000ff;\"><a style=\"color: #0000ff; text-decoration: underline;\" href=\"mailto:andrzej.burghardt@coalitionpa.org\">andrzej.burghardt@coalitionpa.org<\/a><\/span><\/span>[\/vc_column_text][\/vc_column_inner][vc_column_inner width=&#8221;1\/2&#8243;][vc_column_text]<strong>Vice President, Polish Affairs<\/strong>[\/vc_column_text][vc_column_text]<\/p>\n<h5><strong>Tadeusz Antoniak<br \/>\n<\/strong><\/h5>\n<p>&nbsp;<\/p>\n<p><span style=\"text-decoration: underline;\"><span style=\"color: #0000ff;\"><a style=\"color: #0000ff; text-decoration: underline;\" href=\"mailto:tadeusz.antoniak@coalitionpa.org\">tadeusz.antoniak@coalitionpa.org<\/a><\/span><\/span>[\/vc_column_text][\/vc_column_inner][\/vc_row_inner][vc_separator][vc_row_inner][vc_column_inner width=&#8221;1\/2&#8243;][vc_column_text]<strong>Vice President,<\/strong><strong> Youth and Education Affairs<\/strong>[\/vc_column_text][vc_column_text]<\/p>\n<h5><strong>Dr. Stanis\u0142aw \u015aliwowski<\/strong><\/h5>\n<p><img loading=\"lazy\" decoding=\"async\" class=\"alignnone size-medium wp-image-2274\" src=\"https:\/\/pacnjdiv.myftp.org\/wp-content\/uploads\/2018\/11\/IMG_4697-2-228x300.jpg\" alt=\"\" width=\"228\" height=\"300\" srcset=\"https:\/\/pacnjdiv.myftp.org\/wp-content\/uploads\/2018\/11\/IMG_4697-2-228x300.jpg 228w, https:\/\/pacnjdiv.myftp.org\/wp-content\/uploads\/2018\/11\/IMG_4697-2.jpg 424w\" sizes=\"(max-width: 228px) 100vw, 228px\" \/><\/p>\n<p><span style=\"text-decoration: underline;\"><span style=\"color: #0000ff;\"><a style=\"color: #0000ff; text-decoration: underline;\" href=\"mailto:stanislaw.sliwowski@coalitionpa.org\">stanislaw.sliwowski@coalitionpa.org<\/a><\/span><\/span>[\/vc_column_text][\/vc_column_inner][vc_column_inner width=&#8221;1\/2&#8243;][vc_column_text]<strong>Vice President, Cultural Affairs<\/strong>[\/vc_column_text][vc_column_text]<\/p>\n<h5><\/h5>\n<h5><strong>Halina Koralewski<\/strong><\/h5>\n<p><a href=\"mailto:halina.koralewski@pacnjdiv.myftp.org\"><span id=\"lblEmailAccount\" class=\"wordbreak\"><img loading=\"lazy\" decoding=\"async\" class=\"alignnone size-medium wp-image-30078\" src=\"https:\/\/pacnjdiv.myftp.org\/wp-content\/uploads\/2021\/11\/Halina_Koralewski2-273x300.jpg\" alt=\"\" width=\"273\" height=\"300\" \/><\/span><\/a><\/p>\n<p><span style=\"text-decoration: underline;\"><span style=\"color: #0000ff;\"><a style=\"color: #0000ff;\" href=\"mailto:halina.koralewski@coalitionpa.org\"><span id=\"lblEmailAccount\" class=\"wordbreak\">halina.koralewski@coalitionpa.org<\/span><\/a><\/span><\/span>[\/vc_column_text][\/vc_column_inner][\/vc_row_inner][vc_separator][vc_row_inner][vc_column_inner width=&#8221;1\/2&#8243;][vc_column_text]<strong>Vice President, Financial Development<br \/>\n<\/strong>[\/vc_column_text][vc_column_text]<\/p>\n<h5><strong>Robert Redli\u0144ski<\/strong><\/h5>\n<p>&nbsp;<\/p>\n<p><span style=\"text-decoration: underline;\"><span style=\"color: #0000ff;\"><a style=\"color: #0000ff; text-decoration: underline;\" href=\"mailto:&gt;robert.redlinski@coalitionpa.org\">robert.redlinski@coalitionpa.org<\/a><\/span><\/span>[\/vc_column_text][\/vc_column_inner][vc_column_inner width=&#8221;1\/2&#8243;][vc_column_text]<strong>Vice President, Membership Development<br \/>\n<\/strong>[\/vc_column_text][vc_column_text]<\/p>\n<h5><strong>Krzysztof W\u0105\u017c<\/strong><\/h5>\n<p><img loading=\"lazy\" decoding=\"async\" class=\"wp-image-2998 size-medium\" src=\"https:\/\/pacnjdiv.myftp.org\/wp-content\/uploads\/2020\/03\/C_Waz-e1584650905694-246x300.jpg\" alt=\"\" width=\"246\" height=\"300\" \/><\/p>\n<p><span style=\"text-decoration: underline;\"><span style=\"color: #0000ff;\"><a style=\"color: #0000ff; text-decoration: underline;\" href=\"mailto:krzysztof.waz@coalitionpa.org\">christopher.waz@coalitionpa.org<\/a><\/span><\/span>[\/vc_column_text][\/vc_column_inner][\/vc_row_inner][vc_separator][vc_row_inner][vc_column_inner width=&#8221;1\/2&#8243;][vc_column_text]<strong>Secretary<\/strong>[\/vc_column_text][vc_column_text]<\/p>\n<h5><strong>Kazimierz Bobrowski<\/strong><\/h5>\n<p>&nbsp;<\/p>\n<p><span style=\"text-decoration: underline;\"><span style=\"color: #0000ff;\"><a style=\"color: #0000ff; text-decoration: underline;\" href=\"mailto:kazimierz.bobrowski@coalitionpa.org\">kazimierz.bobrowski@coalitionpa.org<\/a><\/span><\/span>[\/vc_column_text][vc_column_text]<span style=\"text-decoration: underline;\"><span style=\"color: #0000ff;\"><a style=\"color: #0000ff; text-decoration: underline;\" href=\"mailto:secretary@coalitionpa.org\">secretary@coalitionpa.org<\/a><\/span><\/span>[\/vc_column_text][\/vc_column_inner][vc_column_inner width=&#8221;1\/2&#8243;][vc_column_text]<strong>Treasurer<\/strong>[\/vc_column_text][vc_column_text]<\/p>\n<h5><strong>J\u00f3zef Krutul<\/strong><\/h5>\n<p><img loading=\"lazy\" decoding=\"async\" class=\"alignnone wp-image-2952 size-medium\" src=\"https:\/\/pacnjdiv.myftp.org\/wp-content\/uploads\/2020\/02\/J_Krutul-zdjecie-scaled-e1584651424831-236x300.jpg\" alt=\"\" width=\"236\" height=\"300\" \/><\/p>\n<p><span style=\"text-decoration: underline;\"><span style=\"color: #0000ff;\"><a style=\"color: #0000ff; text-decoration: underline;\" href=\"mailto:jozef.krutul@coalitionpa.org\">jozef.krutul@coalitionpa.org<\/a><\/span><\/span>[\/vc_column_text][vc_column_text]<span style=\"text-decoration: underline;\"><span style=\"color: #0000ff;\"><a style=\"color: #0000ff; text-decoration: underline;\" href=\"mailto:treasurer@coalitionpa.org\">treasurer@coalitionpa.org<\/a><\/span><\/span>[\/vc_column_text][\/vc_column_inner][\/vc_row_inner][vc_separator][vc_column_text]<\/p>\n<h5 style=\"text-align: center;\"><strong>Board Members<br \/>\n<\/strong><\/h5>\n<p>[\/vc_column_text][vc_row_inner][vc_column_inner width=&#8221;1\/2&#8243;][vc_column_text]<\/p>\n<h5><strong>Maria Szonert<br \/>\n<\/strong><\/h5>\n<p>&nbsp;<\/p>\n<p><span style=\"text-decoration: underline;\"><span style=\"color: #0000ff;\"><a style=\"color: #0000ff;\" href=\"mailto:maria.szonert@coalitionpa.org\"><span id=\"lblEmailAccount\" class=\"wordbreak\">maria.szonert@coalitionpa.org<\/span><\/a><\/span><\/span>[\/vc_column_text][\/vc_column_inner][vc_column_inner width=&#8221;1\/2&#8243;][vc_column_text]<\/p>\n<h5><strong>Jacek Marczy\u0144ski<br \/>\n<\/strong><\/h5>\n<p><span style=\"text-decoration: underline;\"><span style=\"color: #0000ff;\"><a style=\"color: #0000ff; text-decoration: underline;\" href=\"mailto:jacek.marczynski@coalitionpa.org\"><img loading=\"lazy\" decoding=\"async\" class=\"alignnone size-medium wp-image-30416\" src=\"https:\/\/pacnjdiv.myftp.org\/wp-content\/uploads\/2022\/08\/Jacek_Marczynski-225x300.jpg\" alt=\"\" width=\"225\" height=\"300\" \/><\/a><\/span><\/span><\/p>\n<p><span style=\"text-decoration: underline;\"><span style=\"color: #0000ff;\"><a style=\"color: #0000ff; text-decoration: underline;\" href=\"mailto:jacek.marczynski@coalitionpa.org\">jacek.marczynski@coalitionpa.org<\/a><\/span><\/span>[\/vc_column_text][\/vc_column_inner][\/vc_row_inner][vc_separator][vc_column_text]<\/p>\n<h5 style=\"background-color: #bf0d3e; color: #ffffff; text-align: center;\"><strong>By-Laws Committee:<\/strong><\/h5>\n<p>[\/vc_column_text][vc_column_text]<span class=\"vc_table_content\">Leszek Pawlik,\u00a0 <span style=\"text-decoration: underline; color: #0000ff;\"><a style=\"color: #0000ff; text-decoration: underline;\" href=\"mailto:leszek.pawlik@coalitionpa.org\">leszek.pawlik@coalitionpa.org<\/a><\/span><\/span><\/p>\n<p><span class=\"vc_table_content\">Andrzej Burghardt,\u00a0 <span style=\"text-decoration: underline; color: #0000ff;\"><a style=\"text-decoration: underline; color: #0000ff;\" href=\"mailto:andrzej.burghardt@coalitionpa.org\">andrzej.burghardt@coalitionpa.org<\/a><\/span><\/span><\/p>\n<p>Robert Redli\u0144ski,\u00a0 <a href=\"mailto:robert.redlinski@coalitionpa.org\"><span style=\"text-decoration: underline; color: #0000ff;\">robert.redlinski@coalitionpa.org<\/span><\/a><\/p>\n<p>Maria Szonert,\u00a0(legal advisor) <a href=\"mailto:maria.szonert@coalitionpa.org\"><span style=\"text-decoration: underline; color: #0000ff;\">maria.szonert@coalitionpa.org<\/span><\/a><\/p>\n<p>[\/vc_column_text][vc_column_text]<\/p>\n<h5 style=\"background-color: #bf0d3e; color: #ffffff; text-align: center;\"><strong>Grievance Committee:<\/strong><\/h5>\n<p>[\/vc_column_text][vc_column_text]Ania Karwan,\u00a0 <span style=\"text-decoration: underline;\"><span style=\"color: #0000ff;\"><a style=\"color: #0000ff;\" href=\"mailto:ania.karwan@coalitionpa.org\"><span class=\"vc_table_content\">ania.karwan@coalitionpa.org<\/span><\/a><\/span><\/span><\/p>\n<p><span class=\"vc_table_content\">Edward Cyran, <span style=\"text-decoration: underline; color: #0000ff;\"><a style=\"color: #0000ff; text-decoration: underline;\" href=\"mailto:edward.cyran@coalitionpa.org\">edward.cyran@coalitionpa.org<\/a><\/span><\/span><\/p>\n<p><span class=\"vc_table_content\">Andrzej Prokopczuk, <span style=\"text-decoration: underline; color: #0000ff;\"><a style=\"color: #0000ff; text-decoration: underline;\" href=\"mailto:andrzej.prokopczuk@coalitionpa.org\">andrzej.prokopczuk@coalitionpa.org<\/a><\/span><\/span><\/p>\n<p>[\/vc_column_text][vc_column_text]<\/p>\n<h5 style=\"background-color: #bf0d3e; color: #ffffff; text-align: center;\"><strong>Audit Committee:<\/strong><\/h5>\n<p>[\/vc_column_text][vc_column_text]Zdzis\u0142aw Jurek, <span style=\"text-decoration: underline; color: #0000ff;\"><a style=\"color: #0000ff;\" href=\"mailto:zdzislaw.jurek@coalitionpa.org\">zdzislaw.jurek@coalitionpa.org<\/a><\/span><\/p>\n<p><span class=\"vc_table_content\">Jacek Marczy\u0144ski, <span style=\"text-decoration: underline; color: #0000ff;\"><a style=\"color: #0000ff;\" href=\"mailto:jacek.marczynski@coalitionpa.org\">jacek.marczynski@coalitionpa.org<\/a><\/span><\/span><\/p>\n<p><span class=\"vc_table_content\">Agata Marriott, <span style=\"color: #0000ff;\"><a style=\"color: #0000ff;\" href=\"mailto:Agata.Marriott@coalitionpa.org\"><span style=\"text-decoration: underline;\">Agata.Marriott@coalitionpa.org<\/span><\/a><\/span><\/span>[\/vc_column_text][vc_column_text]<\/p>\n<h5 style=\"background-color: #bf0d3e; color: #ffffff; text-align: center;\"><strong>Membership Committee:<\/strong><\/h5>\n<p>[\/vc_column_text][vc_column_text]<span class=\"vc_table_content\">Leszek Pawlik,\u00a0 <span style=\"text-decoration: underline; color: #0000ff;\"><a style=\"color: #0000ff; text-decoration: underline;\" href=\"mailto:leszek.pawlik@coalitionpa.org\">leszek.pawlik@coalitionpa.org<\/a><\/span><\/span><\/p>\n<p><span class=\"vc_table_content\">Halina Zawadzka (deseased), \u00a0 <span style=\"text-decoration: underline;\"><span style=\"color: #0000ff;\"><a style=\"color: #0000ff;\" href=\"mailto:halina.zawadzka@coalitionpa.org\">halina.zawadzka@coalitionpa.org<\/a><\/span><\/span><\/span><\/p>\n<p>Krzysztof W\u0105\u017c, \u00a0 <span style=\"text-decoration: underline;\"><span style=\"color: #0000ff;\"><a style=\"color: #0000ff;\" href=\"mailto:krzysztof.waz@coalitionpa.org\">christopher.waz@coalitionpa.org<\/a><\/span><\/span><\/p>\n<p><span class=\"vc_table_content\">Kazimierz Bobrowski, <span style=\"text-decoration: underline;\"><span style=\"color: #0000ff;\"><a style=\"color: #0000ff; text-decoration: underline;\" href=\"mailto:kazimierz.bobrowski@coalitionpa.org\">kazimierz.bobrowski@coalitionpa.org<\/a><\/span><\/span><\/span><\/p>\n<p>&nbsp;<\/p>\n<p>[\/vc_column_text][vc_separator][\/vc_column][\/vc_row][vc_row disable_element=&#8221;yes&#8221;][vc_column][vc_column_text][\/vc_column_text][\/vc_column][\/vc_row][vc_row][vc_column css=&#8221;.vc_custom_1536691789906{margin-top: 100px !important;}&#8221;][vc_mad_share label=&#8221;Share this:&#8221; show_facebook=&#8221;1&#8243; show_twitter=&#8221;1&#8243; show_google=&#8221;1&#8243; show_mail=&#8221;1&#8243;][\/vc_column][\/vc_row]<\/p>\n","protected":false},"excerpt":{"rendered":"<p>[vc_row css=&#8221;.vc_custom_1510580968682{margin-bottom: 80px !important;padding-bottom: 0px !important;}&#8221;][vc_column][vc_column_text] About Our Leaders A new grass-root Polish-American organization under the name The Coalition of Polish Americans (\u201cCPA\u201d) was born on September 24, 2017, in Washington, DC. At its second organizational meeting, the\u00a0CPA\u00a0founding members adopted bylaws and elected its leaders. Representatives from ten key states of the USA took part [&hellip;]<\/p>\n","protected":false},"author":1,"featured_media":0,"parent":0,"menu_order":0,"comment_status":"closed","ping_status":"closed","template":"","meta":{"om_disable_all_campaigns":false,"_monsterinsights_skip_tracking":false,"_monsterinsights_sitenote_active":false,"_monsterinsights_sitenote_note":"","_monsterinsights_sitenote_category":0,"footnotes":""},"_links":{"self":[{"href":"https:\/\/pacnjdiv.myftp.org\/index.php\/wp-json\/wp\/v2\/pages\/28"}],"collection":[{"href":"https:\/\/pacnjdiv.myftp.org\/index.php\/wp-json\/wp\/v2\/pages"}],"about":[{"href":"https:\/\/pacnjdiv.myftp.org\/index.php\/wp-json\/wp\/v2\/types\/page"}],"author":[{"embeddable":true,"href":"https:\/\/pacnjdiv.myftp.org\/index.php\/wp-json\/wp\/v2\/users\/1"}],"replies":[{"embeddable":true,"href":"https:\/\/pacnjdiv.myftp.org\/index.php\/wp-json\/wp\/v2\/comments?post=28"}],"version-history":[{"count":6,"href":"https:\/\/pacnjdiv.myftp.org\/index.php\/wp-json\/wp\/v2\/pages\/28\/revisions"}],"predecessor-version":[{"id":30417,"href":"https:\/\/pacnjdiv.myftp.org\/index.php\/wp-json\/wp\/v2\/pages\/28\/revisions\/30417"}],"wp:attachment":[{"href":"https:\/\/pacnjdiv.myftp.org\/index.php\/wp-json\/wp\/v2\/media?parent=28"}],"curies":[{"name":"wp","href":"https:\/\/api.w.org\/{rel}","templated":true}]}}