{"id":6230,"date":"2021-02-22T00:03:05","date_gmt":"2021-02-22T04:03:05","guid":{"rendered":"https:\/\/pacnjdiv.myftp.org\/?page_id=6230"},"modified":"2022-03-11T01:43:34","modified_gmt":"2022-03-11T05:43:34","slug":"for-educators","status":"publish","type":"page","link":"https:\/\/pacnjdiv.myftp.org\/index.php\/for-educators\/","title":{"rendered":"For educators"},"content":{"rendered":"<p>[vc_row][vc_column][vc_tta_tabs color=&#8221;sky&#8221; active_section=&#8221;1&#8243;][vc_tta_section title=&#8221;Dla Nauczycieli (in Polish)&#8221; tab_id=&#8221;1613975716670-d5e61900-ffe9&#8243;][vc_row_inner][vc_column_inner][vc_column_text css=&#8221;.vc_custom_1646977001381{margin-top: 0px !important;margin-right: 0px !important;margin-bottom: 0px !important;margin-left: 0px !important;padding-top: 0px !important;padding-right: 0px !important;padding-bottom: 0px !important;padding-left: 0px !important;}&#8221;]Zbiorowa pami\u0119\u0107 wynikaj\u0105ca ze znajomo\u015bci w\u0142asnej historii, r\u00f3wnie\u017c tej tragicznej, jest niezwykle wa\u017cnym elementem poczucia wsp\u00f3lnoty narodowej.\u00a0 Utworzony w ramach CPA oraz PACT zesp\u00f3\u0142 roboczy opracowa\u0142 plan Lekcji o Katyniu w formie konspektu dla nauczycieli oraz prezentacji w PowerPoint.\u00a0 Temat Katynia, i w og\u00f3lno\u015bci martyrologii Polak\u00f3w w XX wieku, by\u0142 tematem raczej zaniedbanym w procesie edukacji m\u0142odzie\u017cy w Polonii \u015bwiata.<\/p>\n<p>Celem tej lekcji jest przekazanie m\u0142odzie\u017cy polonijnej nast\u0119puj\u0105cej wiedzy:<\/p>\n<ul>\n<li>Ludob\u00f3jczy charakter Operacji Polskiej, przeprowadzonej przez Rosjan w latach 1937-38<\/li>\n<li>Antypolski pakt niemiecko-sowiecki i atak na Polsk\u0119 we wrze\u015bniu 1939 r.<\/li>\n<li>Polska jako jedyny kraj zaatakowany ze wszystkich stron jak r\u00f3wnie\u017c przez \u201epi\u0105t\u0105 kolumn\u0119\u201d<\/li>\n<li>Eksterminacja narodu polskiego przez Niemc\u00f3w i Rosjan<\/li>\n<li>Katy\u0144 jako szczeg\u00f3lny przyk\u0142ad kontynuacji sowieckiego ludob\u00f3jstwa na Polakach<\/li>\n<li>Czystka etniczna: wywiezienie ok. 1-2 mln. Polak\u00f3w na Syberi\u0119<\/li>\n<li>Ukrywanie i fa\u0142szowanie prawdy o sowieckich zbrodniach na narodzie polskim.<\/li>\n<\/ul>\n<p>Zwracamy uwag\u0119, \u017ce materia\u0142y te zosta\u0142y przygotowane <strong>z my\u015bl\u0105 o specyfice nauczania<\/strong> m\u0142odzie\u017cy w szko\u0142ach polskich <strong>poza granicami kraju<\/strong>, przede wszystkim licz\u0105c si\u0119 z ograniczeniam czasowymi i odmienn\u0105 percepcj\u0105 spraw polskich.<\/p>\n<h5>Tutaj mo\u017cna pobra\u0107 materia\u0142y do przeprowadzenia lekcji o Katyniu w szko\u0142ach.<\/h5>\n<p><a href=\"https:\/\/pacnjdiv.myftp.org\/wp-content\/uploads\/Katyn-Lesson\/Katyn_Plan_lekcji_dla_szkol_polonijnych_v2.6.pdf\" target=\"_self\" class=\"emd_dl_blue_two\" download>Plan lekcji wersja 2.6<\/a>        <style type=\"text\/css\">\r\n    .emd_dl_blue_two {\r\n        -moz-box-shadow:inset 0px 1px 0px 0px #cae3fc;\r\n        -webkit-box-shadow:inset 0px 1px 0px 0px #cae3fc;\r\n        box-shadow:inset 0px 1px 0px 0px #cae3fc;\r\n        background:-webkit-gradient( linear, left top, left bottom, color-stop(0.05, #79bbff), color-stop(1, #4197ee) );\r\n        background:-moz-linear-gradient( center top, #79bbff 5%, #4197ee 100% );\r\n        filter:progid:DXImageTransform.Microsoft.gradient(startColorstr='#79bbff', endColorstr='#4197ee');\r\n        background-color:#79bbff;\r\n        -webkit-border-top-left-radius:0px;\r\n        -moz-border-radius-topleft:0px;\r\n        border-top-left-radius:0px;\r\n        -webkit-border-top-right-radius:0px;\r\n        -moz-border-radius-topright:0px;\r\n        border-top-right-radius:0px;\r\n        -webkit-border-bottom-right-radius:0px;\r\n        -moz-border-radius-bottomright:0px;\r\n        border-bottom-right-radius:0px;\r\n        -webkit-border-bottom-left-radius:0px;\r\n        -moz-border-radius-bottomleft:0px;\r\n        border-bottom-left-radius:0px;\r\n        text-indent:0;\r\n        border:1px solid #469df5;\r\n        display:inline-block;\r\n        color:#ffffff !important;\r\n        font-family:Georgia;\r\n        font-size:15px;\r\n        font-weight:bold;\r\n        font-style:normal;\r\n        height:41px;\r\n        line-height:41px;\r\n        width:360px;\r\n        text-decoration:none;\r\n        text-align:center;\r\n        text-shadow:1px 1px 0px #287ace;\r\n    }\r\n    .emd_dl_blue_two:hover {\r\n        background:-webkit-gradient( linear, left top, left bottom, color-stop(0.05, #4197ee), color-stop(1, #79bbff) );\r\n        background:-moz-linear-gradient( center top, #4197ee 5%, #79bbff 100% );\r\n        filter:progid:DXImageTransform.Microsoft.gradient(startColorstr='#4197ee', endColorstr='#79bbff');\r\n        background-color:#4197ee;\r\n    }.emd_dl_blue_two:active {\r\n        position:relative;\r\n        top:1px;\r\n    }\r\n    <\/style>[\/vc_column_text][\/vc_column_inner][\/vc_row_inner][vc_row_inner][vc_column_inner][vc_column_text]<a href=\"https:\/\/pacnjdiv.myftp.org\/wp-content\/uploads\/Katyn-Lesson\/Katyn_Lekcja_prezentacja_dla_szkol_polonijnych_v2.6.pptx\" target=\"_self\" class=\"emd_dl_blue_two\" download>Prezentacja (MS PowerPoint) wersja 2.6<\/a>        <style type=\"text\/css\">\r\n    .emd_dl_blue_two {\r\n        -moz-box-shadow:inset 0px 1px 0px 0px #cae3fc;\r\n        -webkit-box-shadow:inset 0px 1px 0px 0px #cae3fc;\r\n        box-shadow:inset 0px 1px 0px 0px #cae3fc;\r\n        background:-webkit-gradient( linear, left top, left bottom, color-stop(0.05, #79bbff), color-stop(1, #4197ee) );\r\n        background:-moz-linear-gradient( center top, #79bbff 5%, #4197ee 100% );\r\n        filter:progid:DXImageTransform.Microsoft.gradient(startColorstr='#79bbff', endColorstr='#4197ee');\r\n        background-color:#79bbff;\r\n        -webkit-border-top-left-radius:0px;\r\n        -moz-border-radius-topleft:0px;\r\n        border-top-left-radius:0px;\r\n        -webkit-border-top-right-radius:0px;\r\n        -moz-border-radius-topright:0px;\r\n        border-top-right-radius:0px;\r\n        -webkit-border-bottom-right-radius:0px;\r\n        -moz-border-radius-bottomright:0px;\r\n        border-bottom-right-radius:0px;\r\n        -webkit-border-bottom-left-radius:0px;\r\n        -moz-border-radius-bottomleft:0px;\r\n        border-bottom-left-radius:0px;\r\n        text-indent:0;\r\n        border:1px solid #469df5;\r\n        display:inline-block;\r\n        color:#ffffff !important;\r\n        font-family:Georgia;\r\n        font-size:15px;\r\n        font-weight:bold;\r\n        font-style:normal;\r\n        height:41px;\r\n        line-height:41px;\r\n        width:360px;\r\n        text-decoration:none;\r\n        text-align:center;\r\n        text-shadow:1px 1px 0px #287ace;\r\n    }\r\n    .emd_dl_blue_two:hover {\r\n        background:-webkit-gradient( linear, left top, left bottom, color-stop(0.05, #4197ee), color-stop(1, #79bbff) );\r\n        background:-moz-linear-gradient( center top, #4197ee 5%, #79bbff 100% );\r\n        filter:progid:DXImageTransform.Microsoft.gradient(startColorstr='#4197ee', endColorstr='#79bbff');\r\n        background-color:#4197ee;\r\n    }.emd_dl_blue_two:active {\r\n        position:relative;\r\n        top:1px;\r\n    }\r\n    <\/style><\/p>\n<p><a href=\"https:\/\/pacnjdiv.myftp.org\/wp-content\/uploads\/Katyn-Lesson\/Katyn_Lekcja_prezentacja_dla_szkol_polonijnych_v2.6.pdf\" target=\"_self\" class=\"emd_dl_blue_two\" download>Prezentacja (wersja 2.6 PDF)<\/a>        <style type=\"text\/css\">\r\n    .emd_dl_blue_two {\r\n        -moz-box-shadow:inset 0px 1px 0px 0px #cae3fc;\r\n        -webkit-box-shadow:inset 0px 1px 0px 0px #cae3fc;\r\n        box-shadow:inset 0px 1px 0px 0px #cae3fc;\r\n        background:-webkit-gradient( linear, left top, left bottom, color-stop(0.05, #79bbff), color-stop(1, #4197ee) );\r\n        background:-moz-linear-gradient( center top, #79bbff 5%, #4197ee 100% );\r\n        filter:progid:DXImageTransform.Microsoft.gradient(startColorstr='#79bbff', endColorstr='#4197ee');\r\n        background-color:#79bbff;\r\n        -webkit-border-top-left-radius:0px;\r\n        -moz-border-radius-topleft:0px;\r\n        border-top-left-radius:0px;\r\n        -webkit-border-top-right-radius:0px;\r\n        -moz-border-radius-topright:0px;\r\n        border-top-right-radius:0px;\r\n        -webkit-border-bottom-right-radius:0px;\r\n        -moz-border-radius-bottomright:0px;\r\n        border-bottom-right-radius:0px;\r\n        -webkit-border-bottom-left-radius:0px;\r\n        -moz-border-radius-bottomleft:0px;\r\n        border-bottom-left-radius:0px;\r\n        text-indent:0;\r\n        border:1px solid #469df5;\r\n        display:inline-block;\r\n        color:#ffffff !important;\r\n        font-family:Georgia;\r\n        font-size:15px;\r\n        font-weight:bold;\r\n        font-style:normal;\r\n        height:41px;\r\n        line-height:41px;\r\n        width:360px;\r\n        text-decoration:none;\r\n        text-align:center;\r\n        text-shadow:1px 1px 0px #287ace;\r\n    }\r\n    .emd_dl_blue_two:hover {\r\n        background:-webkit-gradient( linear, left top, left bottom, color-stop(0.05, #4197ee), color-stop(1, #79bbff) );\r\n        background:-moz-linear-gradient( center top, #4197ee 5%, #79bbff 100% );\r\n        filter:progid:DXImageTransform.Microsoft.gradient(startColorstr='#4197ee', endColorstr='#79bbff');\r\n        background-color:#4197ee;\r\n    }.emd_dl_blue_two:active {\r\n        position:relative;\r\n        top:1px;\r\n    }\r\n    <\/style>[\/vc_column_text][\/vc_column_inner][\/vc_row_inner][vc_row_inner][vc_column_inner][vc_column_text]Mo\u017cna te\u017c przyjrze\u0107 si\u0119 lekcji przeprowadzonej wed\u0142ug tego planu w lutym 2021 r. w Polskiej Szkole Jagiellon\u00f3w w New Jersey, je\u015bli by\u0142oby to pomocne:<\/p>\n<p><a href=\"https:\/\/pacnjdiv.myftp.org\/wp-content\/uploads\/2021\/02\/Lekcja_20210213_Andrzej-Burghardt_640x292-64MB.mp4\" target=\"_self\" class=\"emd_dl_orange_dark\" download>Nagranie przeprowadzonej lekcji na poziomie zaawansowanaym:<\/a>        <style type=\"text\/css\">\r\n    .emd_dl_orange_dark {\r\n        -moz-box-shadow:inset 0px 1px 0px 0px #fed897;\r\n        -webkit-box-shadow:inset 0px 1px 0px 0px #fed897;\r\n        box-shadow:inset 0px 1px 0px 0px #fed897;\r\n        background:-webkit-gradient( linear, left top, left bottom, color-stop(0.05, #f6b33d), color-stop(1, #d29105) );\r\n        background:-moz-linear-gradient( center top, #f6b33d 5%, #d29105 100% );\r\n        filter:progid:DXImageTransform.Microsoft.gradient(startColorstr='#f6b33d', endColorstr='#d29105');\r\n        background-color:#f6b33d;\r\n        -webkit-border-top-left-radius:0px;\r\n        -moz-border-radius-topleft:0px;\r\n        border-top-left-radius:0px;\r\n        -webkit-border-top-right-radius:0px;\r\n        -moz-border-radius-topright:0px;\r\n        border-top-right-radius:0px;\r\n        -webkit-border-bottom-right-radius:0px;\r\n        -moz-border-radius-bottomright:0px;\r\n        border-bottom-right-radius:0px;\r\n        -webkit-border-bottom-left-radius:0px;\r\n        -moz-border-radius-bottomleft:0px;\r\n        border-bottom-left-radius:0px;\r\n        text-indent:0;\r\n        border:1px solid #eda933;\r\n        display:inline-block;\r\n        color:#ffffff !important;\r\n        font-family:Georgia;\r\n        font-size:15px;\r\n        font-weight:bold;\r\n        font-style:normal;\r\n        height:41px;\r\n        line-height:41px;\r\n        width:550px;\r\n        text-decoration:none;\r\n        text-align:center;\r\n        text-shadow:1px 1px 0px #cd8a15;\r\n    }\r\n    .emd_dl_orange_dark:hover {\r\n        background:-webkit-gradient( linear, left top, left bottom, color-stop(0.05, #d29105), color-stop(1, #f6b33d) );\r\n        background:-moz-linear-gradient( center top, #d29105 5%, #f6b33d 100% );\r\n        filter:progid:DXImageTransform.Microsoft.gradient(startColorstr='#d29105', endColorstr='#f6b33d');\r\n        background-color:#d29105;\r\n    }.emd_dl_orange_dark:active {\r\n        position:relative;\r\n        top:1px;\r\n    }\r\n    <\/style>[\/vc_column_text][\/vc_column_inner][\/vc_row_inner][\/vc_tta_section][vc_tta_section title=&#8221;For Educators (in English)&#8221; tab_id=&#8221;1613975716697-7ab37862-9d0b&#8221;][vc_row_inner][vc_column_inner][vc_column_text]For a number of reasons, the history of Poland, especially the period of World War II, is often incomplete and distorted in US media, entertainment, politics and even schools.\u00a0 Our duty is to\u00a0learn the truth about these horrific events.<\/p>\n<p>A working team established under CPA and PACT developed a lesson plan on Katyn in the form of an outline for teachers and a PowerPoint presentation.\u00a0 The subject of Katyn, and the martyrdom of Poles in the 20th century in general, has been rather neglected in the process of educating young people in the world&#8217;s Polish communities.<\/p>\n<p>The purpose of this lesson is to provide Polish youth with the following knowledge:<\/p>\n<ul>\n<li>The genocidal nature of the \u201ePolish Operation\u201d, which the Soviets carried out in 1937-1938<\/li>\n<li>The anti-Polish Molotov-Ribbentrop Pact between the Nazi Germany and Soviet Russia, and its secret addendum<\/li>\n<li>Poland, the only country in the 2<sup>nd<\/sup> World War invaded from all directions in September, 1939<\/li>\n<li>Extermination of the Polish people by Germany and Russia<\/li>\n<li>The Katy\u0144 Massacre, a specific case of the continuing Soviet genocide of Poles<\/li>\n<li>Soviet ethnic cleansing: deportation of about 1-2 millions of Poles to Siberia<\/li>\n<li>Hiding and falsifying the truth about the Soviet crimes against the Polish people<\/li>\n<\/ul>\n<p>Please note that these materials have been prepared with the <strong>specificity of teaching young people in Polish schools outside of Poland<\/strong> in mind, considering the time constraints and their different perception of Polish issues.<\/p>\n<h5>You can download the materials for conducting lessons about Katyn in schools here:<\/h5>\n<p><a href=\"https:\/\/pacnjdiv.myftp.org\/wp-content\/uploads\/Katyn-Lesson\/Katyn_Lesson_Outline_v2.6.pdf\" target=\"_self\" class=\"emd_dl_blue_two\" download>Lesson plan\/outline version 2.6<\/a>        <style type=\"text\/css\">\r\n    .emd_dl_blue_two {\r\n        -moz-box-shadow:inset 0px 1px 0px 0px #cae3fc;\r\n        -webkit-box-shadow:inset 0px 1px 0px 0px #cae3fc;\r\n        box-shadow:inset 0px 1px 0px 0px #cae3fc;\r\n        background:-webkit-gradient( linear, left top, left bottom, color-stop(0.05, #79bbff), color-stop(1, #4197ee) );\r\n        background:-moz-linear-gradient( center top, #79bbff 5%, #4197ee 100% );\r\n        filter:progid:DXImageTransform.Microsoft.gradient(startColorstr='#79bbff', endColorstr='#4197ee');\r\n        background-color:#79bbff;\r\n        -webkit-border-top-left-radius:0px;\r\n        -moz-border-radius-topleft:0px;\r\n        border-top-left-radius:0px;\r\n        -webkit-border-top-right-radius:0px;\r\n        -moz-border-radius-topright:0px;\r\n        border-top-right-radius:0px;\r\n        -webkit-border-bottom-right-radius:0px;\r\n        -moz-border-radius-bottomright:0px;\r\n        border-bottom-right-radius:0px;\r\n        -webkit-border-bottom-left-radius:0px;\r\n        -moz-border-radius-bottomleft:0px;\r\n        border-bottom-left-radius:0px;\r\n        text-indent:0;\r\n        border:1px solid #469df5;\r\n        display:inline-block;\r\n        color:#ffffff !important;\r\n        font-family:Georgia;\r\n        font-size:15px;\r\n        font-weight:bold;\r\n        font-style:normal;\r\n        height:41px;\r\n        line-height:41px;\r\n        width:360px;\r\n        text-decoration:none;\r\n        text-align:center;\r\n        text-shadow:1px 1px 0px #287ace;\r\n    }\r\n    .emd_dl_blue_two:hover {\r\n        background:-webkit-gradient( linear, left top, left bottom, color-stop(0.05, #4197ee), color-stop(1, #79bbff) );\r\n        background:-moz-linear-gradient( center top, #4197ee 5%, #79bbff 100% );\r\n        filter:progid:DXImageTransform.Microsoft.gradient(startColorstr='#4197ee', endColorstr='#79bbff');\r\n        background-color:#4197ee;\r\n    }.emd_dl_blue_two:active {\r\n        position:relative;\r\n        top:1px;\r\n    }\r\n    <\/style>[\/vc_column_text][\/vc_column_inner][\/vc_row_inner][vc_row_inner][vc_column_inner][vc_column_text]<a href=\"https:\/\/pacnjdiv.myftp.org\/wp-content\/uploads\/Katyn-Lesson\/Katyn_Lesson_Slides_v2.6.pptx\" target=\"_self\" class=\"emd_dl_blue_two\" download>MS PowerPoint presentation version 2.6<\/a>        <style type=\"text\/css\">\r\n    .emd_dl_blue_two {\r\n        -moz-box-shadow:inset 0px 1px 0px 0px #cae3fc;\r\n        -webkit-box-shadow:inset 0px 1px 0px 0px #cae3fc;\r\n        box-shadow:inset 0px 1px 0px 0px #cae3fc;\r\n        background:-webkit-gradient( linear, left top, left bottom, color-stop(0.05, #79bbff), color-stop(1, #4197ee) );\r\n        background:-moz-linear-gradient( center top, #79bbff 5%, #4197ee 100% );\r\n        filter:progid:DXImageTransform.Microsoft.gradient(startColorstr='#79bbff', endColorstr='#4197ee');\r\n        background-color:#79bbff;\r\n        -webkit-border-top-left-radius:0px;\r\n        -moz-border-radius-topleft:0px;\r\n        border-top-left-radius:0px;\r\n        -webkit-border-top-right-radius:0px;\r\n        -moz-border-radius-topright:0px;\r\n        border-top-right-radius:0px;\r\n        -webkit-border-bottom-right-radius:0px;\r\n        -moz-border-radius-bottomright:0px;\r\n        border-bottom-right-radius:0px;\r\n        -webkit-border-bottom-left-radius:0px;\r\n        -moz-border-radius-bottomleft:0px;\r\n        border-bottom-left-radius:0px;\r\n        text-indent:0;\r\n        border:1px solid #469df5;\r\n        display:inline-block;\r\n        color:#ffffff !important;\r\n        font-family:Georgia;\r\n        font-size:15px;\r\n        font-weight:bold;\r\n        font-style:normal;\r\n        height:41px;\r\n        line-height:41px;\r\n        width:360px;\r\n        text-decoration:none;\r\n        text-align:center;\r\n        text-shadow:1px 1px 0px #287ace;\r\n    }\r\n    .emd_dl_blue_two:hover {\r\n        background:-webkit-gradient( linear, left top, left bottom, color-stop(0.05, #4197ee), color-stop(1, #79bbff) );\r\n        background:-moz-linear-gradient( center top, #4197ee 5%, #79bbff 100% );\r\n        filter:progid:DXImageTransform.Microsoft.gradient(startColorstr='#4197ee', endColorstr='#79bbff');\r\n        background-color:#4197ee;\r\n    }.emd_dl_blue_two:active {\r\n        position:relative;\r\n        top:1px;\r\n    }\r\n    <\/style><\/p>\n<p><a href=\"https:\/\/pacnjdiv.myftp.org\/wp-content\/uploads\/Katyn-Lesson\/Katyn_Lesson_Slides_v2.6.pdf\" target=\"_self\" class=\"emd_dl_blue_two\" download>Prezentation (PDF version 2.6)<\/a>        <style type=\"text\/css\">\r\n    .emd_dl_blue_two {\r\n        -moz-box-shadow:inset 0px 1px 0px 0px #cae3fc;\r\n        -webkit-box-shadow:inset 0px 1px 0px 0px #cae3fc;\r\n        box-shadow:inset 0px 1px 0px 0px #cae3fc;\r\n        background:-webkit-gradient( linear, left top, left bottom, color-stop(0.05, #79bbff), color-stop(1, #4197ee) );\r\n        background:-moz-linear-gradient( center top, #79bbff 5%, #4197ee 100% );\r\n        filter:progid:DXImageTransform.Microsoft.gradient(startColorstr='#79bbff', endColorstr='#4197ee');\r\n        background-color:#79bbff;\r\n        -webkit-border-top-left-radius:0px;\r\n        -moz-border-radius-topleft:0px;\r\n        border-top-left-radius:0px;\r\n        -webkit-border-top-right-radius:0px;\r\n        -moz-border-radius-topright:0px;\r\n        border-top-right-radius:0px;\r\n        -webkit-border-bottom-right-radius:0px;\r\n        -moz-border-radius-bottomright:0px;\r\n        border-bottom-right-radius:0px;\r\n        -webkit-border-bottom-left-radius:0px;\r\n        -moz-border-radius-bottomleft:0px;\r\n        border-bottom-left-radius:0px;\r\n        text-indent:0;\r\n        border:1px solid #469df5;\r\n        display:inline-block;\r\n        color:#ffffff !important;\r\n        font-family:Georgia;\r\n        font-size:15px;\r\n        font-weight:bold;\r\n        font-style:normal;\r\n        height:41px;\r\n        line-height:41px;\r\n        width:360px;\r\n        text-decoration:none;\r\n        text-align:center;\r\n        text-shadow:1px 1px 0px #287ace;\r\n    }\r\n    .emd_dl_blue_two:hover {\r\n        background:-webkit-gradient( linear, left top, left bottom, color-stop(0.05, #4197ee), color-stop(1, #79bbff) );\r\n        background:-moz-linear-gradient( center top, #4197ee 5%, #79bbff 100% );\r\n        filter:progid:DXImageTransform.Microsoft.gradient(startColorstr='#4197ee', endColorstr='#79bbff');\r\n        background-color:#4197ee;\r\n    }.emd_dl_blue_two:active {\r\n        position:relative;\r\n        top:1px;\r\n    }\r\n    <\/style>[\/vc_column_text][\/vc_column_inner][\/vc_row_inner][vc_row_inner][vc_column_inner][vc_column_text]You can also take a look at the lesson conducted according to this plan in February 2021 at the Polish School of the Jagiellonians in New Jersey, should it be helpful:<\/p>\n<p><a href=\"https:\/\/pacnjdiv.myftp.org\/wp-content\/uploads\/2021\/02\/Lekcja_20210213_Andrzej-Burghardt_640x292-64MB.mp4\" target=\"_self\" class=\"emd_dl_orange_dark\" download>Recording of a lesson at an advanced level:<\/a>        <style type=\"text\/css\">\r\n    .emd_dl_orange_dark {\r\n        -moz-box-shadow:inset 0px 1px 0px 0px #fed897;\r\n        -webkit-box-shadow:inset 0px 1px 0px 0px #fed897;\r\n        box-shadow:inset 0px 1px 0px 0px #fed897;\r\n        background:-webkit-gradient( linear, left top, left bottom, color-stop(0.05, #f6b33d), color-stop(1, #d29105) );\r\n        background:-moz-linear-gradient( center top, #f6b33d 5%, #d29105 100% );\r\n        filter:progid:DXImageTransform.Microsoft.gradient(startColorstr='#f6b33d', endColorstr='#d29105');\r\n        background-color:#f6b33d;\r\n        -webkit-border-top-left-radius:0px;\r\n        -moz-border-radius-topleft:0px;\r\n        border-top-left-radius:0px;\r\n        -webkit-border-top-right-radius:0px;\r\n        -moz-border-radius-topright:0px;\r\n        border-top-right-radius:0px;\r\n        -webkit-border-bottom-right-radius:0px;\r\n        -moz-border-radius-bottomright:0px;\r\n        border-bottom-right-radius:0px;\r\n        -webkit-border-bottom-left-radius:0px;\r\n        -moz-border-radius-bottomleft:0px;\r\n        border-bottom-left-radius:0px;\r\n        text-indent:0;\r\n        border:1px solid #eda933;\r\n        display:inline-block;\r\n        color:#ffffff !important;\r\n        font-family:Georgia;\r\n        font-size:15px;\r\n        font-weight:bold;\r\n        font-style:normal;\r\n        height:41px;\r\n        line-height:41px;\r\n        width:550px;\r\n        text-decoration:none;\r\n        text-align:center;\r\n        text-shadow:1px 1px 0px #cd8a15;\r\n    }\r\n    .emd_dl_orange_dark:hover {\r\n        background:-webkit-gradient( linear, left top, left bottom, color-stop(0.05, #d29105), color-stop(1, #f6b33d) );\r\n        background:-moz-linear-gradient( center top, #d29105 5%, #f6b33d 100% );\r\n        filter:progid:DXImageTransform.Microsoft.gradient(startColorstr='#d29105', endColorstr='#f6b33d');\r\n        background-color:#d29105;\r\n    }.emd_dl_orange_dark:active {\r\n        position:relative;\r\n        top:1px;\r\n    }\r\n    <\/style>[\/vc_column_text][\/vc_column_inner][\/vc_row_inner][\/vc_tta_section][\/vc_tta_tabs][vc_row_inner disable_element=&#8221;yes&#8221;][vc_column_inner][\/vc_column_inner][\/vc_row_inner][\/vc_column][\/vc_row]<\/p>\n","protected":false},"excerpt":{"rendered":"<p>[vc_row][vc_column][vc_tta_tabs color=&#8221;sky&#8221; active_section=&#8221;1&#8243;][vc_tta_section title=&#8221;Dla Nauczycieli (in Polish)&#8221; tab_id=&#8221;1613975716670-d5e61900-ffe9&#8243;][vc_row_inner][vc_column_inner][vc_column_text css=&#8221;.vc_custom_1646977001381{margin-top: 0px !important;margin-right: 0px !important;margin-bottom: 0px !important;margin-left: 0px !important;padding-top: 0px !important;padding-right: 0px !important;padding-bottom: 0px !important;padding-left: 0px !important;}&#8221;]Zbiorowa pami\u0119\u0107 wynikaj\u0105ca ze znajomo\u015bci w\u0142asnej historii, r\u00f3wnie\u017c tej tragicznej, jest niezwykle wa\u017cnym elementem poczucia wsp\u00f3lnoty narodowej.\u00a0 Utworzony w ramach CPA oraz PACT zesp\u00f3\u0142 roboczy opracowa\u0142 plan Lekcji o Katyniu w [&hellip;]<\/p>\n","protected":false},"author":9,"featured_media":0,"parent":0,"menu_order":0,"comment_status":"closed","ping_status":"closed","template":"","meta":{"om_disable_all_campaigns":false,"_monsterinsights_skip_tracking":false,"_monsterinsights_sitenote_active":false,"_monsterinsights_sitenote_note":"","_monsterinsights_sitenote_category":0,"footnotes":""},"_links":{"self":[{"href":"https:\/\/pacnjdiv.myftp.org\/index.php\/wp-json\/wp\/v2\/pages\/6230"}],"collection":[{"href":"https:\/\/pacnjdiv.myftp.org\/index.php\/wp-json\/wp\/v2\/pages"}],"about":[{"href":"https:\/\/pacnjdiv.myftp.org\/index.php\/wp-json\/wp\/v2\/types\/page"}],"author":[{"embeddable":true,"href":"https:\/\/pacnjdiv.myftp.org\/index.php\/wp-json\/wp\/v2\/users\/9"}],"replies":[{"embeddable":true,"href":"https:\/\/pacnjdiv.myftp.org\/index.php\/wp-json\/wp\/v2\/comments?post=6230"}],"version-history":[{"count":5,"href":"https:\/\/pacnjdiv.myftp.org\/index.php\/wp-json\/wp\/v2\/pages\/6230\/revisions"}],"predecessor-version":[{"id":30159,"href":"https:\/\/pacnjdiv.myftp.org\/index.php\/wp-json\/wp\/v2\/pages\/6230\/revisions\/30159"}],"wp:attachment":[{"href":"https:\/\/pacnjdiv.myftp.org\/index.php\/wp-json\/wp\/v2\/media?parent=6230"}],"curies":[{"name":"wp","href":"https:\/\/api.w.org\/{rel}","templated":true}]}}